{"id":129,"date":"2023-04-19T15:04:07","date_gmt":"2023-04-19T15:04:07","guid":{"rendered":"https:\/\/www.amazing.polimi.it\/?page_id=129"},"modified":"2026-04-07T11:51:15","modified_gmt":"2026-04-07T11:51:15","slug":"dove","status":"publish","type":"page","link":"https:\/\/www.amazing.polimi.it\/it\/dove\/","title":{"rendered":"Dove"},"content":{"rendered":"<div class=\"brz-root__container brz-reset-all brz brz-root__container-page\">\n<section id=\"_wlfbjszzrmrfjivweurkegjjupdixoziedmr\" class=\"brz-section brz-css-1bm1nzf\">\n<div class=\"brz-section__content brz-section--boxed brz-css-4hqobg brz-css-167a1jz\" data-brz-custom-id=\"gvdsendmzkyptthuhervshxmdveahnmwfcwa\">\n<div class=\"brz-container brz-css-1ky8z12\">\n<div class=\"brz-row__container brz-css-kjt35e\" data-brz-custom-id=\"oatkoserbrxhjldbdpcrjspjvgzubrqwfokd\">\n<div class=\"brz-bg\"><\/div>\n<div class=\"brz-row brz-css-1f1jkby brz-css-q0uy82\">\n<div class=\"brz-columns brz-css-71b53g brz-css-1jpqix2\" data-brz-custom-id=\"yaugierbxxpymebsuyvszxysxrxtzktcowbg\">\n<div class=\"brz-bg\"><\/div>\n<div class=\"brz-column__items brz-css-fgxudc brz-css-1sveg2m\">\n<div id=\"\" class=\"brz-css-1vg6byl brz-css-1s6f7mz brz-wrapper\">\n<div class=\"brz-rich-text brz-rich-text__custom brz-css-1awnmas\" data-brz-custom-id=\"vfsputaknvwfnmorszeckdlydnxlzagwkktp\">\n<div data-brz-translate-text=\"1\">\n<h3 class=\"brz-mb-lg-0 brz-mt-lg-0 brz-lh-lg-1_4 brz-ls-lg-m_1_5 brz-fw-lg-700 brz-fss-lg-px brz-fs-lg-28 brz-ft-google brz-ff-montserrat brz-tp-lg-empty brz-css-k8JuI\" data-generated-css=\"brz-css-ffdng\" data-uniq-id=\"huvyv\"><span class=\"brz-cp-color2\">SITO DI STUDIO<\/span><\/h3>\n<\/div>\n<\/div>\n<\/div>\n<div id=\"\" class=\"brz-css-1vg6byl brz-css-20pof5 brz-wrapper\">\n<div class=\"brz-rich-text brz-rich-text__custom brz-css-1awnmas\" data-brz-custom-id=\"rhbrtwxtcmiuelzhrnkatlugsilbfsbyekeq\">\n<div data-brz-translate-text=\"1\">\n<p class=\"brz-text-lg-justify brz-tp-lg-paragraph brz-css-nS6Ds\" data-uniq-id=\"mqpcg\" data-generated-css=\"brz-css-euaoe\"><span class=\"brz-cp-color2\" style=\"opacity: 1\">Il progetto valuta la <\/span><strong class=\"brz-cp-color2\" style=\"opacity: 1\">valle di Uadi Abiod<\/strong><span class=\"brz-cp-color2\" style=\"opacity: 1\"> nella zona di <\/span><strong class=\"brz-cp-color2\" style=\"opacity: 1\">Aur\u00e8s<\/strong><span class=\"brz-cp-color2\" style=\"opacity: 1\">, in Algeria. Il paesaggio culturale dell&#8217;Aur\u00e8s \u00e8 connesso ad altri Paesi del Maghreb attraverso l\u2019identit\u00e0 del costruito berbero, che ad oggi non \u00e8 oggetto di tutela trans-nazionale, nonostante numerose volont\u00e0 di valorizzarne la cultura. AMAZING intende contribuire a innescare una messa a sistema di intenti ad una scala pi\u00f9 vasta. La valle del Uadi Abiod sta vivendo una fase di <\/span><strong class=\"brz-cp-color2\" style=\"opacity: 1\">abbandono del territorio<\/strong><span class=\"brz-cp-color2\" style=\"opacity: 1\">. Quest&#8217;area pu\u00f2 recuperare la variet\u00e0 di attivit\u00e0 economiche e la complessit\u00e0 sociale che ne hanno sempre connotato l\u2019identit\u00e0, grazie al connubio mirato e partecipato di scienze antiche e saperi politecnici.<\/span><\/p>\n<\/div>\n<\/div>\n<\/div>\n<\/div>\n<\/div>\n<div class=\"brz-columns brz-css-71b53g brz-css-aevrea\" data-brz-custom-id=\"mekchruphtgxujxwcxfnlhbmgzojdbkklrsn\">\n<div class=\"brz-bg\">\n<div class=\"brz-bg-color\"><\/div>\n<\/div>\n<div class=\"brz-column__items brz-css-fgxudc brz-css-1bjdyyt\">\n<div id=\"\" class=\"brz-css-1vg6byl brz-css-1gtxdo4 brz-wrapper\">\n<div class=\"brz-image brz-css-m8ly2r brz-css-ujoquk\" data-brz-custom-id=\"xzwwwbquuqnzhpymjfruuubhpktxkchjwqmf\"><img decoding=\"async\" class=\"brz-img\" src=\"https:\/\/www.amazing.polimi.it\/it?brizy_media=wp-595d8217c0732e989a77d290cfe2ebc0.png&amp;brizy_crop=iW%3D444%26iH%3D466%26oX%3D0%26oY%3D0%26cW%3D444%26cH%3D466\" alt=\"\" loading=\"lazy\"><\/div>\n<\/div>\n<\/div>\n<\/div>\n<\/div>\n<\/div>\n<div id=\"\" class=\"brz-css-1vg6byl brz-css-ge7xzs brz-wrapper\">\n<div class=\"brz-map brz-map_styles brz-css-12sati3 brz-css-rcd4oi\" data-brz-custom-id=\"lttpkskhrxltwzqrtwoucivbqhnovilwricu\">\n<div class=\"brz-ui-ed-map-content\"><\/div>\n<\/div>\n<\/div>\n<div id=\"\" class=\"brz-css-1vg6byl brz-css-hc3afb brz-wrapper\">\n<div class=\"brz-spacer brz-css-frlrdz\"><\/div>\n<\/div>\n<div class=\"brz-wrapper-clone brz-css-vs2ubo\">\n<div class=\"brz-d-xs-flex brz-flex-xs-wrap brz-css-ll6n2h\" data-brz-custom-id=\"\">\n<div class=\"brz-wrapper-clone__item\" id=\"bytltcmzlidllqgmunxywhkycwbierzqlxik\"><a class=\"brz-a brz-btn brz-css-1joulot brz-css-ipadx8 brz-css-16niyec brz-css-yqol61\" href=\"https:\/\/www.amazing.polimi.it\/it\/\" target=\"_self\" rel=\"noopener\" data-brz-link-type=\"external\" data-brz-custom-id=\"bytltcmzlidllqgmunxywhkycwbierzqlxik\"><span data-brz-translate-text=\"1\" class=\"brz-span brz-text__editor\"><\/span><\/a><\/div>\n<\/div>\n<\/div>\n<\/div>\n<\/div>\n<\/section>\n<\/div>\n<p>    <!-- version:1737387653 --><\/p>\n","protected":false},"excerpt":{"rendered":"<p>SITO DI STUDIO <\/p>\n<p class=\"brz-text-lg-justify brz-tp-lg-paragraph brz-css-nS6Ds\" data-uniq-id=\"mqpcg\" data-generated-css=\"brz-css-euaoe\">Il progetto valuta la <strong class=\"brz-cp-color2\" style=\"opacity: 1\">valle di Uadi Abiod<\/strong> nella<\/p>\n<p> &hellip; <a href=\"https:\/\/www.amazing.polimi.it\/it\/dove\/\" class=\"more-link\">Continue reading <span class=\"screen-reader-text\">Dove<\/span><\/a><\/p>\n","protected":false},"author":5,"featured_media":0,"parent":0,"menu_order":11,"comment_status":"closed","ping_status":"closed","template":"brizy-blank-template.php","meta":{"inline_featured_image":false,"cybocfi_hide_featured_image":"","footnotes":""},"class_list":["post-129","page","type-page","status-publish","hentry"],"jetpack-related-posts":[],"jetpack_sharing_enabled":true,"brizy_media":[{"id":1051,"url":"https:\/\/www.amazing.polimi.it\/wp-content\/uploads\/2023\/05\/Algeria_map.png","name":"Algeria_map.png","meta":{"brizy_attachment_uid":"wp-595d8217c0732e989a77d290cfe2ebc0.png","brizy_post_uid":["bb816e3a10b09e6ca7e9eb91f6c323da"]}}],"_links":{"self":[{"href":"https:\/\/www.amazing.polimi.it\/it\/wp-json\/wp\/v2\/pages\/129","targetHints":{"allow":["GET"]}}],"collection":[{"href":"https:\/\/www.amazing.polimi.it\/it\/wp-json\/wp\/v2\/pages"}],"about":[{"href":"https:\/\/www.amazing.polimi.it\/it\/wp-json\/wp\/v2\/types\/page"}],"author":[{"embeddable":true,"href":"https:\/\/www.amazing.polimi.it\/it\/wp-json\/wp\/v2\/users\/5"}],"replies":[{"embeddable":true,"href":"https:\/\/www.amazing.polimi.it\/it\/wp-json\/wp\/v2\/comments?post=129"}],"version-history":[{"count":30,"href":"https:\/\/www.amazing.polimi.it\/it\/wp-json\/wp\/v2\/pages\/129\/revisions"}],"predecessor-version":[{"id":2374,"href":"https:\/\/www.amazing.polimi.it\/it\/wp-json\/wp\/v2\/pages\/129\/revisions\/2374"}],"wp:attachment":[{"href":"https:\/\/www.amazing.polimi.it\/it\/wp-json\/wp\/v2\/media?parent=129"}],"curies":[{"name":"wp","href":"https:\/\/api.w.org\/{rel}","templated":true}]}}